{"id":11,"date":"2019-09-02T11:36:35","date_gmt":"2019-09-02T09:36:35","guid":{"rendered":"http:\/\/matriceriadaype.com\/?page_id=11"},"modified":"2025-07-18T10:51:50","modified_gmt":"2025-07-18T08:51:50","slug":"matriceria","status":"publish","type":"page","link":"https:\/\/matriceriadaype.com\/index.php\/matriceria\/","title":{"rendered":"Matriceria"},"content":{"rendered":"<p>[vc_row][vc_column]\n    <div class=\"col-lg-8 offset-lg-2 col-md-10 offset-md-1 col-sm-12 col-12\">\n      <div class=\" dustrial-stitle-69fb13937171c section-title-three text-center wow \">\n        <h2><\/h2>\n        <p><\/p>\n      <\/div>\n    <\/div>\n\n    [\/vc_column][\/vc_row][vc_row][vc_column][vc_empty_space][\/vc_column][\/vc_row][vc_row][vc_column]\n    <div class=\"col-lg-8 offset-lg-2 col-md-10 offset-md-1 col-sm-12 col-12\">\n      <div class=\" dustrial-stitle-69fb139371768 section-title-three text-center wow zoomIn\">\n        <h2>Matriceria<\/h2>\n        <p><\/p>\n      <\/div>\n    <\/div>\n\n    [vc_column_text]<\/p>\n<p style=\"text-align: left;\">Nuestras instalaciones est\u00e1n formadas por un <strong>taller equipado con m\u00e1quinas y hardware de \u00faltima tecnolog\u00eda:<\/strong> contamos con un centro de mecanizado de alta velocidad, erosiones, ajustadores, soldadura, prensas para ajuste, etc. Nuestro equipo cuenta con <strong>m\u00e1s de 30 a\u00f1os de experiencia<\/strong> en el sector metal\u00fargico, concretamente en la fabricaci\u00f3n de moldes.<\/p>\n<p style=\"text-align: left;\"><img loading=\"lazy\" decoding=\"async\" class=\"aligncenter wp-image-2470\" src=\"http:\/\/matriceriadaype.com\/wp-content\/uploads\/2021\/07\/MOLDE-CAVITI-1024x768.jpeg\" alt=\"\" width=\"700\" height=\"525\" srcset=\"https:\/\/matriceriadaype.com\/wp-content\/uploads\/2021\/07\/MOLDE-CAVITI-1024x768.jpeg 1024w, https:\/\/matriceriadaype.com\/wp-content\/uploads\/2021\/07\/MOLDE-CAVITI-300x225.jpeg 300w, https:\/\/matriceriadaype.com\/wp-content\/uploads\/2021\/07\/MOLDE-CAVITI-768x576.jpeg 768w, https:\/\/matriceriadaype.com\/wp-content\/uploads\/2021\/07\/MOLDE-CAVITI-1536x1152.jpeg 1536w, https:\/\/matriceriadaype.com\/wp-content\/uploads\/2021\/07\/MOLDE-CAVITI-600x450.jpeg 600w, https:\/\/matriceriadaype.com\/wp-content\/uploads\/2021\/07\/MOLDE-CAVITI.jpeg 2048w\" sizes=\"auto, (max-width: 700px) 100vw, 700px\" \/><\/p>\n<p style=\"text-align: center;\">Tenemos gran capacidad de producci\u00f3n ,con centros de mecanizados habarcando las medidas adecuadas para la diversidad de todo tipo de molde industrial .<\/p>\n<p>[\/vc_column_text][vc_row_inner][vc_column_inner width=\u00bb1\/3&#8243;][vc_single_image image=\u00bb2198&#8243; img_size=\u00bbfull\u00bb alignment=\u00bbcenter\u00bb][\/vc_column_inner][vc_column_inner width=\u00bb1\/3&#8243;][vc_single_image image=\u00bb2317&#8243; img_size=\u00bbfull\u00bb alignment=\u00bbcenter\u00bb][\/vc_column_inner][vc_column_inner width=\u00bb1\/3&#8243;][vc_single_image image=\u00bb2452&#8243; img_size=\u00bbmedium\u00bb alignment=\u00bbcenter\u00bb][\/vc_column_inner][\/vc_row_inner][vc_column_text]<strong>Reparamos moldes tanto fabricados por nosotros como por otras matricer\u00edas.\u00a0<\/strong>Adem\u00e1s de esa asistencia en reparaciones,\u00a0tambi\u00e9n les ofrecemos un <strong>servicio de asesoramiento<\/strong> en el que estudiamos la viabilidad de la reparaci\u00f3n y le aconsejamos sobre los costes de reparaci\u00f3n , los moldes tambien pueden ser mas eficientes , de un molde de mas de 30 a\u00f1os a uno actual se puede reducir o aumentar en su producci\u00f3n minimo un 30% .<\/p>\n<p>Aqui podemos ver una muestra de una reparacion :<\/p>\n<p>Eentrada de molde afectado por incendio y oxido superficial , podemos ver el antes y el despues.<\/p>\n<p><img loading=\"lazy\" decoding=\"async\" class=\"aligncenter wp-image-2471\" src=\"http:\/\/matriceriadaype.com\/wp-content\/uploads\/2021\/07\/molde-reparado-antes-y-despues-1024x382.jpg\" alt=\"\" width=\"800\" height=\"299\" srcset=\"https:\/\/matriceriadaype.com\/wp-content\/uploads\/2021\/07\/molde-reparado-antes-y-despues-1024x382.jpg 1024w, https:\/\/matriceriadaype.com\/wp-content\/uploads\/2021\/07\/molde-reparado-antes-y-despues-300x112.jpg 300w, https:\/\/matriceriadaype.com\/wp-content\/uploads\/2021\/07\/molde-reparado-antes-y-despues-768x287.jpg 768w, https:\/\/matriceriadaype.com\/wp-content\/uploads\/2021\/07\/molde-reparado-antes-y-despues-1536x573.jpg 1536w, https:\/\/matriceriadaype.com\/wp-content\/uploads\/2021\/07\/molde-reparado-antes-y-despues-2048x765.jpg 2048w, https:\/\/matriceriadaype.com\/wp-content\/uploads\/2021\/07\/molde-reparado-antes-y-despues-600x224.jpg 600w\" sizes=\"auto, (max-width: 800px) 100vw, 800px\" \/><\/p>\n<p>Para nuestros trabajos contamos con ajustadores, fresadores de control num\u00e9rico (matriceros), pulidores y delineantes con los que desarrollamos cada proyecto como un trabajo \u00fanico. Y lo mismo hacemos con los moldes y matrices que reparamos tanto para nuestros clientes como para nuevos clientes.[\/vc_column_text][\/vc_column][\/vc_row][vc_row][vc_column][vc_column_text]Contamos con un equipo de dise\u00f1o integrado por delineantes con a\u00f1os de experiencia que les podr\u00e1n aconsejar sobre el dise\u00f1o m\u00e1s adecuado\u00a0para el molde, les recordamos que llevamos <strong>m\u00e1s de tres d\u00e9cadas dedicadas al oficio de la matricer\u00eda.<\/strong><\/p>\n<div id='gallery-1' class='gallery galleryid-11 gallery-columns-3 gallery-size-medium'><figure class='gallery-item'>\n\t\t\t<div class='gallery-icon landscape'>\n\t\t\t\t<a href='https:\/\/matriceriadaype.com\/index.php\/matriceria\/caja-petti\/'><img loading=\"lazy\" decoding=\"async\" width=\"300\" height=\"244\" src=\"https:\/\/matriceriadaype.com\/wp-content\/uploads\/2021\/07\/caja-petti-300x244.jpg\" class=\"attachment-medium size-medium\" alt=\"\" srcset=\"https:\/\/matriceriadaype.com\/wp-content\/uploads\/2021\/07\/caja-petti-300x244.jpg 300w, https:\/\/matriceriadaype.com\/wp-content\/uploads\/2021\/07\/caja-petti-768x624.jpg 768w, https:\/\/matriceriadaype.com\/wp-content\/uploads\/2021\/07\/caja-petti-100x80.jpg 100w, https:\/\/matriceriadaype.com\/wp-content\/uploads\/2021\/07\/caja-petti-600x487.jpg 600w, https:\/\/matriceriadaype.com\/wp-content\/uploads\/2021\/07\/caja-petti.bmp 776w\" sizes=\"auto, (max-width: 300px) 100vw, 300px\" \/><\/a>\n\t\t\t<\/div><\/figure><figure class='gallery-item'>\n\t\t\t<div class='gallery-icon landscape'>\n\t\t\t\t<a href='https:\/\/matriceriadaype.com\/index.php\/matriceria\/molded1\/'><img loading=\"lazy\" decoding=\"async\" width=\"300\" height=\"258\" src=\"https:\/\/matriceriadaype.com\/wp-content\/uploads\/2021\/07\/moldeD1-300x258.jpg\" class=\"attachment-medium size-medium\" alt=\"\" srcset=\"https:\/\/matriceriadaype.com\/wp-content\/uploads\/2021\/07\/moldeD1-300x258.jpg 300w, https:\/\/matriceriadaype.com\/wp-content\/uploads\/2021\/07\/moldeD1.jpg 400w\" sizes=\"auto, (max-width: 300px) 100vw, 300px\" \/><\/a>\n\t\t\t<\/div><\/figure><figure class='gallery-item'>\n\t\t\t<div class='gallery-icon landscape'>\n\t\t\t\t<a href='https:\/\/matriceriadaype.com\/index.php\/matriceria\/molded2\/'><img loading=\"lazy\" decoding=\"async\" width=\"300\" height=\"242\" src=\"https:\/\/matriceriadaype.com\/wp-content\/uploads\/2021\/07\/moldeD2-300x242.jpg\" class=\"attachment-medium size-medium\" alt=\"\" srcset=\"https:\/\/matriceriadaype.com\/wp-content\/uploads\/2021\/07\/moldeD2-300x242.jpg 300w, https:\/\/matriceriadaype.com\/wp-content\/uploads\/2021\/07\/moldeD2-100x80.jpg 100w, https:\/\/matriceriadaype.com\/wp-content\/uploads\/2021\/07\/moldeD2.jpg 400w\" sizes=\"auto, (max-width: 300px) 100vw, 300px\" \/><\/a>\n\t\t\t<\/div><\/figure>\n\t\t<\/div>\n\n<p>En nuestros trabajos diarios utilizamos programas de simulaci\u00f3n en 3D para que el cliente pueda ver en todo momento el avance del molde, y por supuesto de c\u00f3mo quedar\u00eda la pieza, con lo que intentamos prever c\u00f3mo ser\u00e1 el proceso de inyecci\u00f3n de pl\u00e1sticos manera m\u00e1s real posible.<\/p>\n<p>El departamento de delineaci\u00f3n es el encargado de dise\u00f1ar previamente el molde para que nuestros matriceros y operarios lo elaboren.[\/vc_column_text][\/vc_column][\/vc_row][vc_row][vc_column][vc_empty_space][\/vc_column][\/vc_row][vc_row][vc_column][vc_column_text]Realizamos mantenimiento propio de matricer\u00eda con personal capacitado y equipamiento especializado, lo que nos permite mantener moldes en \u00f3ptimas condiciones sin depender de servicios externos. Nuestro proceso abarca limpieza , pulido, ajuste de mecanismos m\u00f3viles, cambio de componentes desgastados, verificaci\u00f3n dimensional y pruebas de cierre. Esta autonom\u00eda asegura tiempos de respuesta r\u00e1pidos, reducci\u00f3n de paradas no planificadas y mayor control sobre la calidad del proceso de inyecci\u00f3n.[\/vc_column_text][\/vc_column][\/vc_row]<\/p>\n","protected":false},"excerpt":{"rendered":"<p>[vc_row][vc_column][\/vc_column][\/vc_row][vc_row][vc_column][vc_empty_space][\/vc_column][\/vc_row][vc_row][vc_column][vc_column_text] Nuestras instalaciones est\u00e1n formadas por un taller equipado con m\u00e1quinas y hardware de \u00faltima tecnolog\u00eda: contamos con un centro de mecanizado de alta velocidad, erosiones, ajustadores, soldadura, prensas para ajuste, etc. Nuestro equipo cuenta con m\u00e1s de 30 a\u00f1os de experiencia en el sector metal\u00fargico, concretamente en la fabricaci\u00f3n de moldes. Tenemos gran capacidad [&hellip;]<\/p>\n","protected":false},"author":1,"featured_media":645,"parent":0,"menu_order":0,"comment_status":"closed","ping_status":"closed","template":"page-template\/blank-page-sidebar.php","meta":{"_monsterinsights_skip_tracking":false,"_monsterinsights_sitenote_active":false,"_monsterinsights_sitenote_note":"","_monsterinsights_sitenote_category":0,"footnotes":""},"class_list":["post-11","page","type-page","status-publish","has-post-thumbnail","hentry"],"yoast_head":"<!-- This site is optimized with the Yoast SEO Premium plugin v16.5 (Yoast SEO v16.6.1) - https:\/\/yoast.com\/wordpress\/plugins\/seo\/ -->\n<title>Matriceria - Matriceria Daype - Matriceria e Inyecci\u00f3n de Pl\u00e1sticos<\/title>\n<meta name=\"robots\" content=\"index, follow, max-snippet:-1, max-image-preview:large, max-video-preview:-1\" \/>\n<link rel=\"canonical\" href=\"https:\/\/matriceriadaype.com\/index.php\/matriceria\/\" \/>\n<meta property=\"og:locale\" content=\"es_ES\" \/>\n<meta property=\"og:type\" content=\"article\" \/>\n<meta property=\"og:title\" content=\"Matriceria\" \/>\n<meta property=\"og:description\" content=\"[vc_row][vc_column][\/vc_column][\/vc_row][vc_row][vc_column][vc_empty_space][\/vc_column][\/vc_row][vc_row][vc_column][vc_column_text] Nuestras instalaciones est\u00e1n formadas por un taller equipado con m\u00e1quinas y hardware de \u00faltima tecnolog\u00eda: contamos con un centro de mecanizado de alta velocidad, erosiones, ajustadores, soldadura, prensas para ajuste, etc. Nuestro equipo cuenta con m\u00e1s de 30 a\u00f1os de experiencia en el sector metal\u00fargico, concretamente en la fabricaci\u00f3n de moldes. Tenemos gran capacidad [&hellip;]\" \/>\n<meta property=\"og:url\" content=\"https:\/\/matriceriadaype.com\/index.php\/matriceria\/\" \/>\n<meta property=\"og:site_name\" content=\"Matriceria Daype - Matriceria e Inyecci\u00f3n de Pl\u00e1sticos\" \/>\n<meta property=\"article:modified_time\" content=\"2025-07-18T08:51:50+00:00\" \/>\n<meta property=\"og:image\" content=\"http:\/\/matriceriadaype.com\/wp-content\/uploads\/2018\/11\/market01-1-2.jpg\" \/>\n\t<meta property=\"og:image:width\" content=\"1920\" \/>\n\t<meta property=\"og:image:height\" content=\"1000\" \/>\n<meta name=\"twitter:card\" content=\"summary_large_image\" \/>\n<meta name=\"twitter:label1\" content=\"Tiempo de lectura\" \/>\n\t<meta name=\"twitter:data1\" content=\"3 minutos\" \/>\n<script type=\"application\/ld+json\" class=\"yoast-schema-graph\">{\"@context\":\"https:\/\/schema.org\",\"@graph\":[{\"@type\":\"WebSite\",\"@id\":\"https:\/\/matriceriadaype.com\/#website\",\"url\":\"https:\/\/matriceriadaype.com\/\",\"name\":\"Matriceria Daype - Matriceria e Inyecci\\u00f3n de Pl\\u00e1sticos\",\"description\":\"En Daype 98 somos conscientes de lo importante que son para la sociedad sectores como la seguridad vial, la agricultura y la industria, por ello hemos querido responder a las demandas de cada uno de esos sectores con productos de m\\u00e1xima calidad con los que poder satisfacer a nuestros clientes.\",\"potentialAction\":[{\"@type\":\"SearchAction\",\"target\":{\"@type\":\"EntryPoint\",\"urlTemplate\":\"https:\/\/matriceriadaype.com\/?s={search_term_string}\"},\"query-input\":\"required name=search_term_string\"}],\"inLanguage\":\"es\"},{\"@type\":\"ImageObject\",\"@id\":\"https:\/\/matriceriadaype.com\/index.php\/matriceria\/#primaryimage\",\"inLanguage\":\"es\",\"url\":\"https:\/\/matriceriadaype.com\/wp-content\/uploads\/2018\/11\/market01-1-2.jpg\",\"contentUrl\":\"https:\/\/matriceriadaype.com\/wp-content\/uploads\/2018\/11\/market01-1-2.jpg\",\"width\":1920,\"height\":1000},{\"@type\":\"WebPage\",\"@id\":\"https:\/\/matriceriadaype.com\/index.php\/matriceria\/#webpage\",\"url\":\"https:\/\/matriceriadaype.com\/index.php\/matriceria\/\",\"name\":\"Matriceria - Matriceria Daype - Matriceria e Inyecci\\u00f3n de Pl\\u00e1sticos\",\"isPartOf\":{\"@id\":\"https:\/\/matriceriadaype.com\/#website\"},\"primaryImageOfPage\":{\"@id\":\"https:\/\/matriceriadaype.com\/index.php\/matriceria\/#primaryimage\"},\"datePublished\":\"2019-09-02T09:36:35+00:00\",\"dateModified\":\"2025-07-18T08:51:50+00:00\",\"breadcrumb\":{\"@id\":\"https:\/\/matriceriadaype.com\/index.php\/matriceria\/#breadcrumb\"},\"inLanguage\":\"es\",\"potentialAction\":[{\"@type\":\"ReadAction\",\"target\":[\"https:\/\/matriceriadaype.com\/index.php\/matriceria\/\"]}]},{\"@type\":\"BreadcrumbList\",\"@id\":\"https:\/\/matriceriadaype.com\/index.php\/matriceria\/#breadcrumb\",\"itemListElement\":[{\"@type\":\"ListItem\",\"position\":1,\"name\":\"Portada\",\"item\":\"https:\/\/matriceriadaype.com\/\"},{\"@type\":\"ListItem\",\"position\":2,\"name\":\"Matriceria\"}]}]}<\/script>\n<!-- \/ Yoast SEO Premium plugin. -->","_links":{"self":[{"href":"https:\/\/matriceriadaype.com\/index.php\/wp-json\/wp\/v2\/pages\/11","targetHints":{"allow":["GET"]}}],"collection":[{"href":"https:\/\/matriceriadaype.com\/index.php\/wp-json\/wp\/v2\/pages"}],"about":[{"href":"https:\/\/matriceriadaype.com\/index.php\/wp-json\/wp\/v2\/types\/page"}],"author":[{"embeddable":true,"href":"https:\/\/matriceriadaype.com\/index.php\/wp-json\/wp\/v2\/users\/1"}],"replies":[{"embeddable":true,"href":"https:\/\/matriceriadaype.com\/index.php\/wp-json\/wp\/v2\/comments?post=11"}],"version-history":[{"count":32,"href":"https:\/\/matriceriadaype.com\/index.php\/wp-json\/wp\/v2\/pages\/11\/revisions"}],"predecessor-version":[{"id":2537,"href":"https:\/\/matriceriadaype.com\/index.php\/wp-json\/wp\/v2\/pages\/11\/revisions\/2537"}],"wp:featuredmedia":[{"embeddable":true,"href":"https:\/\/matriceriadaype.com\/index.php\/wp-json\/wp\/v2\/media\/645"}],"wp:attachment":[{"href":"https:\/\/matriceriadaype.com\/index.php\/wp-json\/wp\/v2\/media?parent=11"}],"curies":[{"name":"wp","href":"https:\/\/api.w.org\/{rel}","templated":true}]}}