{"id":13,"date":"2019-09-02T11:36:47","date_gmt":"2019-09-02T09:36:47","guid":{"rendered":"http:\/\/matriceriadaype.com\/?page_id=13"},"modified":"2025-07-18T10:49:24","modified_gmt":"2025-07-18T08:49:24","slug":"inyeccion","status":"publish","type":"page","link":"https:\/\/matriceriadaype.com\/index.php\/inyeccion\/","title":{"rendered":"Inyecci\u00f3n de Pl\u00e0stico"},"content":{"rendered":"<p>[vc_row full_width=\u00bbstretch_row_content\u00bb][vc_column][vc_single_image image=\u00bb2205&#8243; img_size=\u00bbfull\u00bb alignment=\u00bbcenter\u00bb el_class=\u00bbinjectionimage\u00bb][\/vc_column][\/vc_row][vc_row css=\u00bb.vc_custom_1752660944123{background-image: url(http:\/\/matriceriadaype.com\/wp-content\/uploads\/2025\/07\/rotulo-fuera.jpg?id=2532) !important;}\u00bb][vc_column][vc_empty_space height=\u00bb62px\u00bb][\/vc_column][\/vc_row][vc_row][vc_column]\n    <div class=\"col-lg-8 offset-lg-2 col-md-10 offset-md-1 col-sm-12 col-12\">\n      <div class=\" dustrial-stitle-69fb14d983702 section-title-three text-center wow none\">\n        <h2>Inyecci\u00f3n<\/h2>\n        <p><\/p>\n      <\/div>\n    <\/div>\n\n    [vc_column_text]<strong>Contamos con un equipo de t\u00e9cnicos de la inyecci\u00f3n de la pl\u00e1stico,<\/strong> les recordamos que llevamos m\u00e1s de dos d\u00e9cadas dedicadas al oficio de la inyecci\u00f3n.<\/p>\n<p>Realizamos trabajos de inyecci\u00f3n de pl\u00e1stico con m\u00e1quinas de hasta 200 toneladas, en los que contamos con d\u00e9cadas de experiencia, implantando nuestra experiencia d\u00eda a d\u00eda .<\/p>\n<p><strong>En nuestros trabajos diarios utilizamos\u00a0programas de simulaci\u00f3n para que el cliente pueda ver c\u00f3mo quedar\u00eda la pieza<\/strong>, con lo que intentamos prever c\u00f3mo ser\u00e1 el proceso de\u00a0inyecci\u00f3n de pl\u00e1stico, de la manera m\u00e1s real posible.<\/p>\n<p>El departamento de inyecci\u00f3n tenemos una seguida continua de fabricaci\u00f3n de piezas de todo tipo de sectores , desde avicultura, hortofrut\u00edcola, industrial , ortopedia , pirotecnia, y largo etc&#8230;<\/p>\n<p>Contamos con una s\u00f3lida trayectoria en el sector de la inyecci\u00f3n de pl\u00e1stico, ofreciendo soluciones integrales en el dise\u00f1o, fabricaci\u00f3n y puesta en marcha de piezas pl\u00e1sticas para distintos sectores (pirotecnia, electrodom\u00e9sticos, m\u00e9dico, etc.). Nuestro equipo est\u00e1 formado por t\u00e9cnicos especializados en el manejo de m\u00e1quinas inyectoras, mantenimiento de moldes y desarrollo de nuevos productos, garantizando eficiencia, calidad y cumplimiento de plazos.<\/p>\n<p><img loading=\"lazy\" decoding=\"async\" class=\"size-medium wp-image-2270 aligncenter\" src=\"http:\/\/matriceriadaype.com\/wp-content\/uploads\/2019\/12\/Captura-300x78.png\" alt=\"\" width=\"300\" height=\"78\" srcset=\"https:\/\/matriceriadaype.com\/wp-content\/uploads\/2019\/12\/Captura-300x78.png 300w, https:\/\/matriceriadaype.com\/wp-content\/uploads\/2019\/12\/Captura.png 407w\" sizes=\"auto, (max-width: 300px) 100vw, 300px\" \/><\/p>\n<div style=\"width: 352px;\" class=\"wp-video\"><!--[if lt IE 9]><script>document.createElement('video');<\/script><![endif]-->\n<video class=\"wp-video-shortcode\" id=\"video-13-1\" width=\"352\" height=\"240\" poster=\"http:\/\/matriceriadaype.com\/wp-content\/uploads\/2019\/12\/inyeccion-inicio-1.jpg\" loop preload=\"metadata\" controls=\"controls\"><source type=\"video\/mp4\" src=\"http:\/\/matriceriadaype.com\/wp-content\/uploads\/2021\/07\/inyeccion-tapa-bote-pintura-1.mp4?_=1\" \/><a href=\"http:\/\/matriceriadaype.com\/wp-content\/uploads\/2021\/07\/inyeccion-tapa-bote-pintura-1.mp4\">http:\/\/matriceriadaype.com\/wp-content\/uploads\/2021\/07\/inyeccion-tapa-bote-pintura-1.mp4<\/a><\/video><\/div>\n<div id='gallery-1' class='gallery galleryid-13 gallery-columns-3 gallery-size-large'><figure class='gallery-item'>\n\t\t\t<div class='gallery-icon landscape'>\n\t\t\t\t<a href='https:\/\/matriceriadaype.com\/index.php\/inyeccion\/innova-200\/'><img loading=\"lazy\" decoding=\"async\" width=\"1024\" height=\"768\" src=\"https:\/\/matriceriadaype.com\/wp-content\/uploads\/2021\/07\/innova-200-1024x768.jpeg\" class=\"attachment-large size-large\" alt=\"\" srcset=\"https:\/\/matriceriadaype.com\/wp-content\/uploads\/2021\/07\/innova-200-1024x768.jpeg 1024w, https:\/\/matriceriadaype.com\/wp-content\/uploads\/2021\/07\/innova-200-300x225.jpeg 300w, https:\/\/matriceriadaype.com\/wp-content\/uploads\/2021\/07\/innova-200-768x576.jpeg 768w, https:\/\/matriceriadaype.com\/wp-content\/uploads\/2021\/07\/innova-200-1536x1153.jpeg 1536w, https:\/\/matriceriadaype.com\/wp-content\/uploads\/2021\/07\/innova-200-600x450.jpeg 600w, https:\/\/matriceriadaype.com\/wp-content\/uploads\/2021\/07\/innova-200.jpeg 1599w\" sizes=\"auto, (max-width: 1024px) 100vw, 1024px\" \/><\/a>\n\t\t\t<\/div><\/figure><figure class='gallery-item'>\n\t\t\t<div class='gallery-icon landscape'>\n\t\t\t\t<a href='https:\/\/matriceriadaype.com\/index.php\/inyeccion\/euroinj\/'><img loading=\"lazy\" decoding=\"async\" width=\"1024\" height=\"402\" src=\"https:\/\/matriceriadaype.com\/wp-content\/uploads\/2021\/07\/euroinj-1024x402.jpeg\" class=\"attachment-large size-large\" alt=\"\" srcset=\"https:\/\/matriceriadaype.com\/wp-content\/uploads\/2021\/07\/euroinj-1024x402.jpeg 1024w, https:\/\/matriceriadaype.com\/wp-content\/uploads\/2021\/07\/euroinj-300x118.jpeg 300w, https:\/\/matriceriadaype.com\/wp-content\/uploads\/2021\/07\/euroinj-768x301.jpeg 768w, https:\/\/matriceriadaype.com\/wp-content\/uploads\/2021\/07\/euroinj-1536x602.jpeg 1536w, https:\/\/matriceriadaype.com\/wp-content\/uploads\/2021\/07\/euroinj-600x235.jpeg 600w, https:\/\/matriceriadaype.com\/wp-content\/uploads\/2021\/07\/euroinj.jpeg 1599w\" sizes=\"auto, (max-width: 1024px) 100vw, 1024px\" \/><\/a>\n\t\t\t<\/div><\/figure><figure class='gallery-item'>\n\t\t\t<div class='gallery-icon portrait'>\n\t\t\t\t<a href='https:\/\/matriceriadaype.com\/index.php\/home\/engel-1101\/'><img loading=\"lazy\" decoding=\"async\" width=\"768\" height=\"1024\" src=\"https:\/\/matriceriadaype.com\/wp-content\/uploads\/2021\/07\/engel-1101-768x1024.jpg\" class=\"attachment-large size-large\" alt=\"\" srcset=\"https:\/\/matriceriadaype.com\/wp-content\/uploads\/2021\/07\/engel-1101-768x1024.jpg 768w, https:\/\/matriceriadaype.com\/wp-content\/uploads\/2021\/07\/engel-1101-225x300.jpg 225w, https:\/\/matriceriadaype.com\/wp-content\/uploads\/2021\/07\/engel-1101-1152x1536.jpg 1152w, https:\/\/matriceriadaype.com\/wp-content\/uploads\/2021\/07\/engel-1101-600x800.jpg 600w, https:\/\/matriceriadaype.com\/wp-content\/uploads\/2021\/07\/engel-1101-e1625642146620.jpg 850w\" sizes=\"auto, (max-width: 768px) 100vw, 768px\" \/><\/a>\n\t\t\t<\/div><\/figure><figure class='gallery-item'>\n\t\t\t<div class='gallery-icon landscape'>\n\t\t\t\t<a href='https:\/\/matriceriadaype.com\/index.php\/inyeccion\/rotulo-fuera-2\/'><img loading=\"lazy\" decoding=\"async\" width=\"1024\" height=\"228\" src=\"https:\/\/matriceriadaype.com\/wp-content\/uploads\/2025\/07\/rotulo-fuera-1-1024x228.jpg\" class=\"attachment-large size-large\" alt=\"\" srcset=\"https:\/\/matriceriadaype.com\/wp-content\/uploads\/2025\/07\/rotulo-fuera-1-1024x228.jpg 1024w, https:\/\/matriceriadaype.com\/wp-content\/uploads\/2025\/07\/rotulo-fuera-1-300x67.jpg 300w, https:\/\/matriceriadaype.com\/wp-content\/uploads\/2025\/07\/rotulo-fuera-1-768x171.jpg 768w, https:\/\/matriceriadaype.com\/wp-content\/uploads\/2025\/07\/rotulo-fuera-1-1536x342.jpg 1536w, https:\/\/matriceriadaype.com\/wp-content\/uploads\/2025\/07\/rotulo-fuera-1-600x134.jpg 600w, https:\/\/matriceriadaype.com\/wp-content\/uploads\/2025\/07\/rotulo-fuera-1.jpg 1986w\" sizes=\"auto, (max-width: 1024px) 100vw, 1024px\" \/><\/a>\n\t\t\t<\/div><\/figure>\n\t\t<\/div>\n[\/vc_column_text][\/vc_column][\/vc_row][vc_row][vc_column][vc_column_text]Empleamos m\u00e1quinas con bajo consumo \/ ecoenerg\u00e9ticas para optimizar y rentabilizar al m\u00e1ximo la producci\u00f3n , m\u00e1quinas recientemente adquiridas , teniendo un parque de maquinaria bastante moderno, para poder estar al dia de cualquier necesidad en este mundo global.[\/vc_column_text][\/vc_column][vc_column][\/vc_column][\/vc_row]<\/p>\n","protected":false},"excerpt":{"rendered":"<p>[vc_row full_width=\u00bbstretch_row_content\u00bb][vc_column][vc_single_image image=\u00bb2205&#8243; img_size=\u00bbfull\u00bb alignment=\u00bbcenter\u00bb el_class=\u00bbinjectionimage\u00bb][\/vc_column][\/vc_row][vc_row css=\u00bb.vc_custom_1752660944123{background-image: url(http:\/\/matriceriadaype.com\/wp-content\/uploads\/2025\/07\/rotulo-fuera.jpg?id=2532) !important;}\u00bb][vc_column][vc_empty_space height=\u00bb62px\u00bb][\/vc_column][\/vc_row][vc_row][vc_column][vc_column_text]Contamos con un equipo de t\u00e9cnicos de la inyecci\u00f3n de la pl\u00e1stico, les recordamos que llevamos m\u00e1s de dos d\u00e9cadas dedicadas al oficio de la inyecci\u00f3n. Realizamos trabajos de inyecci\u00f3n de pl\u00e1stico con m\u00e1quinas de hasta 200 toneladas, en los que contamos con d\u00e9cadas de experiencia, [&hellip;]<\/p>\n","protected":false},"author":1,"featured_media":0,"parent":0,"menu_order":0,"comment_status":"closed","ping_status":"closed","template":"page-template\/blank-page.php","meta":{"_monsterinsights_skip_tracking":false,"_monsterinsights_sitenote_active":false,"_monsterinsights_sitenote_note":"","_monsterinsights_sitenote_category":0,"footnotes":""},"class_list":["post-13","page","type-page","status-publish","hentry"],"yoast_head":"<!-- This site is optimized with the Yoast SEO Premium plugin v16.5 (Yoast SEO v16.6.1) - https:\/\/yoast.com\/wordpress\/plugins\/seo\/ -->\n<title>Inyecci\u00f3n de Pl\u00e0stico - Matriceria Daype - Matriceria e Inyecci\u00f3n de Pl\u00e1sticos<\/title>\n<meta name=\"robots\" content=\"index, follow, max-snippet:-1, max-image-preview:large, max-video-preview:-1\" \/>\n<link rel=\"canonical\" href=\"https:\/\/matriceriadaype.com\/index.php\/inyeccion\/\" \/>\n<meta property=\"og:locale\" content=\"es_ES\" \/>\n<meta property=\"og:type\" content=\"article\" \/>\n<meta property=\"og:title\" content=\"Inyecci\u00f3n de Pl\u00e0stico\" \/>\n<meta property=\"og:description\" content=\"[vc_row full_width=\u00bbstretch_row_content\u00bb][vc_column][vc_single_image image=\u00bb2205&#8243; img_size=\u00bbfull\u00bb alignment=\u00bbcenter\u00bb el_class=\u00bbinjectionimage\u00bb][\/vc_column][\/vc_row][vc_row css=\u00bb.vc_custom_1752660944123{background-image: url(http:\/\/matriceriadaype.com\/wp-content\/uploads\/2025\/07\/rotulo-fuera.jpg?id=2532) !important;}\u00bb][vc_column][vc_empty_space height=\u00bb62px\u00bb][\/vc_column][\/vc_row][vc_row][vc_column][vc_column_text]Contamos con un equipo de t\u00e9cnicos de la inyecci\u00f3n de la pl\u00e1stico, les recordamos que llevamos m\u00e1s de dos d\u00e9cadas dedicadas al oficio de la inyecci\u00f3n. Realizamos trabajos de inyecci\u00f3n de pl\u00e1stico con m\u00e1quinas de hasta 200 toneladas, en los que contamos con d\u00e9cadas de experiencia, [&hellip;]\" \/>\n<meta property=\"og:url\" content=\"https:\/\/matriceriadaype.com\/index.php\/inyeccion\/\" \/>\n<meta property=\"og:site_name\" content=\"Matriceria Daype - Matriceria e Inyecci\u00f3n de Pl\u00e1sticos\" \/>\n<meta property=\"article:modified_time\" content=\"2025-07-18T08:49:24+00:00\" \/>\n<meta property=\"og:image\" content=\"http:\/\/matriceriadaype.com\/wp-content\/uploads\/2021\/07\/innova-200-1024x768.jpeg\" \/>\n<meta name=\"twitter:card\" content=\"summary_large_image\" \/>\n<meta name=\"twitter:label1\" content=\"Tiempo de lectura\" \/>\n\t<meta name=\"twitter:data1\" content=\"2 minutos\" \/>\n<script type=\"application\/ld+json\" class=\"yoast-schema-graph\">{\"@context\":\"https:\/\/schema.org\",\"@graph\":[{\"@type\":\"WebSite\",\"@id\":\"https:\/\/matriceriadaype.com\/#website\",\"url\":\"https:\/\/matriceriadaype.com\/\",\"name\":\"Matriceria Daype - Matriceria e Inyecci\\u00f3n de Pl\\u00e1sticos\",\"description\":\"En Daype 98 somos conscientes de lo importante que son para la sociedad sectores como la seguridad vial, la agricultura y la industria, por ello hemos querido responder a las demandas de cada uno de esos sectores con productos de m\\u00e1xima calidad con los que poder satisfacer a nuestros clientes.\",\"potentialAction\":[{\"@type\":\"SearchAction\",\"target\":{\"@type\":\"EntryPoint\",\"urlTemplate\":\"https:\/\/matriceriadaype.com\/?s={search_term_string}\"},\"query-input\":\"required name=search_term_string\"}],\"inLanguage\":\"es\"},{\"@type\":\"ImageObject\",\"@id\":\"https:\/\/matriceriadaype.com\/index.php\/inyeccion\/#primaryimage\",\"inLanguage\":\"es\",\"url\":\"http:\/\/matriceriadaype.com\/wp-content\/uploads\/2019\/12\/Captura-300x78.png\",\"contentUrl\":\"http:\/\/matriceriadaype.com\/wp-content\/uploads\/2019\/12\/Captura-300x78.png\"},{\"@type\":\"WebPage\",\"@id\":\"https:\/\/matriceriadaype.com\/index.php\/inyeccion\/#webpage\",\"url\":\"https:\/\/matriceriadaype.com\/index.php\/inyeccion\/\",\"name\":\"Inyecci\\u00f3n de Pl\\u00e0stico - Matriceria Daype - Matriceria e Inyecci\\u00f3n de Pl\\u00e1sticos\",\"isPartOf\":{\"@id\":\"https:\/\/matriceriadaype.com\/#website\"},\"primaryImageOfPage\":{\"@id\":\"https:\/\/matriceriadaype.com\/index.php\/inyeccion\/#primaryimage\"},\"datePublished\":\"2019-09-02T09:36:47+00:00\",\"dateModified\":\"2025-07-18T08:49:24+00:00\",\"breadcrumb\":{\"@id\":\"https:\/\/matriceriadaype.com\/index.php\/inyeccion\/#breadcrumb\"},\"inLanguage\":\"es\",\"potentialAction\":[{\"@type\":\"ReadAction\",\"target\":[\"https:\/\/matriceriadaype.com\/index.php\/inyeccion\/\"]}]},{\"@type\":\"BreadcrumbList\",\"@id\":\"https:\/\/matriceriadaype.com\/index.php\/inyeccion\/#breadcrumb\",\"itemListElement\":[{\"@type\":\"ListItem\",\"position\":1,\"name\":\"Portada\",\"item\":\"https:\/\/matriceriadaype.com\/\"},{\"@type\":\"ListItem\",\"position\":2,\"name\":\"Inyecci\\u00f3n de Pl\\u00e0stico\"}]}]}<\/script>\n<!-- \/ Yoast SEO Premium plugin. -->","_links":{"self":[{"href":"https:\/\/matriceriadaype.com\/index.php\/wp-json\/wp\/v2\/pages\/13","targetHints":{"allow":["GET"]}}],"collection":[{"href":"https:\/\/matriceriadaype.com\/index.php\/wp-json\/wp\/v2\/pages"}],"about":[{"href":"https:\/\/matriceriadaype.com\/index.php\/wp-json\/wp\/v2\/types\/page"}],"author":[{"embeddable":true,"href":"https:\/\/matriceriadaype.com\/index.php\/wp-json\/wp\/v2\/users\/1"}],"replies":[{"embeddable":true,"href":"https:\/\/matriceriadaype.com\/index.php\/wp-json\/wp\/v2\/comments?post=13"}],"version-history":[{"count":58,"href":"https:\/\/matriceriadaype.com\/index.php\/wp-json\/wp\/v2\/pages\/13\/revisions"}],"predecessor-version":[{"id":2536,"href":"https:\/\/matriceriadaype.com\/index.php\/wp-json\/wp\/v2\/pages\/13\/revisions\/2536"}],"wp:attachment":[{"href":"https:\/\/matriceriadaype.com\/index.php\/wp-json\/wp\/v2\/media?parent=13"}],"curies":[{"name":"wp","href":"https:\/\/api.w.org\/{rel}","templated":true}]}}