{"id":2065,"date":"2018-11-13T10:56:20","date_gmt":"2018-11-13T10:56:20","guid":{"rendered":"http:\/\/pluginspoint.com\/dustrial\/?page_id=15"},"modified":"2025-07-22T15:45:09","modified_gmt":"2025-07-22T13:45:09","slug":"noticias","status":"publish","type":"page","link":"https:\/\/matriceriadaype.com\/index.php\/noticias\/","title":{"rendered":"Noticias"},"content":{"rendered":"<p>[vc_row css=\u00bb.vc_custom_1545397126698{padding-top: 96px !important;padding-bottom: 70px !important;}\u00bb][vc_column][vc_column_text]\u00bbDAYPE 98 SL ha recibido una ayuda de 1.700\u20ac para la adquisici\u00f3n de un veh\u00edculo el\u00e9ctrico\u00a0de la Uni\u00f3n Europea con cargo al Fondo NextGenerationEU, en el marco del Plan de Recuperaci\u00f3n, Trasformaci\u00f3n y Resiliencia, para la adquisici\u00f3n de veh\u00edculos el\u00e9ctricos \u201cenchufables\u201d y de pila combustible dentro del Programa de incentivos a la movilidad eficiente y sostenible (Programa MOVES III Veh\u00edculos Comunitat Valenciana) del Ministerio para la Transici\u00f3n Ecol\u00f3gica y el Reto Demogr\u00e1fico a trav\u00e9s del IDAE, gestionado por el Instituto Valenciano de Competitividad Empresarial (IVACE).\u201d[\/vc_column_text]\n  <script>\n    jQuery(document).ready(function($) {\n      $(\"#blog-list\").owlCarousel({\n        loop: true,\n        margin: 0,\n        responsiveClass: true,\n        navigation: true,\n        navText: [\"<i class='fa fa-angle-left'><\/i>\", \"<i class='fa fa-angle-right'><\/i>\"],\n        nav: true,\n        items: 3,\n        smartSpeed: 1000,\n        dots: true,\n        autoplay: true,\n        mouseDrag:1000,\n        autoplayTimeout: 4000,\n        center: false,\n        responsive: {\n            0: {\n                items: 1            },\n            766: {\n                items: 1            },\n            767: {\n                items: 2            },\n            990: {\n                items: 2            },\n            991: {\n                items: 3            }\n        }\n      });\n    });\n  <\/script>\n\n      <div class=\"row\">\n      \n      <div class=\"col-12 col-md-6 col-lg-4\">\n        <div class=\"single-blog\">\n                        <div class=\"single-blog-thumb\">\n                <a href=\"https:\/\/matriceriadaype.com\/index.php\/2020\/12\/22\/crisis-en-el-sector-avicola\/\">\n                  <img loading=\"lazy\" decoding=\"async\" width=\"293\" height=\"243\" src=\"https:\/\/matriceriadaype.com\/wp-content\/uploads\/2019\/09\/dosPelapollos.jpg\" class=\"img-fluid wp-post-image\" alt=\"\" \/>                  <span class=\"icon\"><i class=\"fa fa-link\"><\/i><\/span>\n                <\/a>\n              <\/div>\n                        <div class=\"content\">\n            <div class=\"entry-meta\">\n                              <div class=\"author\">\n                  By <a href=\"https:\/\/matriceriadaype.com\/index.php\/author\/matriceriadaype\/\">matriceriadaype<\/a>\n                <\/div>\n                              <div class=\"month\">\n                  <a href=\"https:\/\/matriceriadaype.com\/index.php\/2020\/12\/22\/crisis-en-el-sector-avicola\/\">22 diciembre, 2020<\/a>\n                <\/div>\n                          <\/div>\n            <a href=\"https:\/\/matriceriadaype.com\/index.php\/2020\/12\/22\/crisis-en-el-sector-avicola\/\" class=\"entry-title\">Crisis en el sector av\u00edcola<\/a>\n            <p class=\"entry-content\">Como pod\u00e9is ver en la secci\u00f3n \"Productos\" de esta web, uno de nuestros productos estrella es el pela pollos,&hellip;<\/p>\n          <\/div>\n          <div class=\"entry-meta-footer\">\n            <a href=\"https:\/\/matriceriadaype.com\/index.php\/2020\/12\/22\/crisis-en-el-sector-avicola\/\" class=\"read-more\">Read More <i class=\"fa fa-angle-right\" aria-hidden=\"true\"><\/i><\/a>\n                          <a href=\"https:\/\/matriceriadaype.com\/index.php\/2020\/12\/22\/crisis-en-el-sector-avicola\/#respond\"> <i class=\"fa fa-comments-o\" aria-hidden=\"true\"><\/i> Comments: 0<\/a>\n                      <\/div>\n        <\/div>\n      <\/div>\n      \n      <div class=\"col-12 col-md-6 col-lg-4\">\n        <div class=\"single-blog\">\n                        <div class=\"single-blog-thumb\">\n                <a href=\"https:\/\/matriceriadaype.com\/index.php\/2020\/10\/06\/en-busca-de-profesionales-especializados-en-metalmecanica\/\">\n                  <img loading=\"lazy\" decoding=\"async\" width=\"350\" height=\"262\" src=\"https:\/\/matriceriadaype.com\/wp-content\/uploads\/2020\/10\/fp-350x262.jpg\" class=\"img-fluid wp-post-image\" alt=\"\" \/>                  <span class=\"icon\"><i class=\"fa fa-link\"><\/i><\/span>\n                <\/a>\n              <\/div>\n                        <div class=\"content\">\n            <div class=\"entry-meta\">\n                              <div class=\"author\">\n                  By <a href=\"https:\/\/matriceriadaype.com\/index.php\/author\/matriceriadaype\/\">matriceriadaype<\/a>\n                <\/div>\n                              <div class=\"month\">\n                  <a href=\"https:\/\/matriceriadaype.com\/index.php\/2020\/10\/06\/en-busca-de-profesionales-especializados-en-metalmecanica\/\">6 octubre, 2020<\/a>\n                <\/div>\n                          <\/div>\n            <a href=\"https:\/\/matriceriadaype.com\/index.php\/2020\/10\/06\/en-busca-de-profesionales-especializados-en-metalmecanica\/\" class=\"entry-title\">En busca de profesionales especializados en metalmec\u00e1nica<\/a>\n            <p class=\"entry-content\">La profesionalizaci\u00f3n del sector metal\u00fargico sigue al alza, con formaciones especializadas con las que se forma a los profesionales&hellip;<\/p>\n          <\/div>\n          <div class=\"entry-meta-footer\">\n            <a href=\"https:\/\/matriceriadaype.com\/index.php\/2020\/10\/06\/en-busca-de-profesionales-especializados-en-metalmecanica\/\" class=\"read-more\">Read More <i class=\"fa fa-angle-right\" aria-hidden=\"true\"><\/i><\/a>\n                          <a href=\"https:\/\/matriceriadaype.com\/index.php\/2020\/10\/06\/en-busca-de-profesionales-especializados-en-metalmecanica\/#respond\"> <i class=\"fa fa-comments-o\" aria-hidden=\"true\"><\/i> Comments: 0<\/a>\n                      <\/div>\n        <\/div>\n      <\/div>\n      \n      <div class=\"col-12 col-md-6 col-lg-4\">\n        <div class=\"single-blog\">\n                        <div class=\"single-blog-thumb\">\n                <a href=\"https:\/\/matriceriadaype.com\/index.php\/2019\/01\/10\/the-most-successful-engineering-contractor\/\">\n                  <img loading=\"lazy\" decoding=\"async\" width=\"300\" height=\"185\" src=\"https:\/\/matriceriadaype.com\/wp-content\/uploads\/2019\/01\/maquina_inyeccio_6_ret.jpg\" class=\"img-fluid wp-post-image\" alt=\"\" \/>                  <span class=\"icon\"><i class=\"fa fa-link\"><\/i><\/span>\n                <\/a>\n              <\/div>\n                        <div class=\"content\">\n            <div class=\"entry-meta\">\n                              <div class=\"author\">\n                  By <a href=\"https:\/\/matriceriadaype.com\/index.php\/author\/matriceriadaype\/\">matriceriadaype<\/a>\n                <\/div>\n                              <div class=\"month\">\n                  <a href=\"https:\/\/matriceriadaype.com\/index.php\/2019\/01\/10\/the-most-successful-engineering-contractor\/\">10 enero, 2019<\/a>\n                <\/div>\n                          <\/div>\n            <a href=\"https:\/\/matriceriadaype.com\/index.php\/2019\/01\/10\/the-most-successful-engineering-contractor\/\" class=\"entry-title\">Importancia de la velocidad en la inyecci\u00f3n de pl\u00e1stico<\/a>\n            <p class=\"entry-content\">En Daype 98 conjugamos la fabricaci\u00f3n de moldes con trabajos de inyecci\u00f3n de pl\u00e1stico. Cada fase del proceso de&hellip;<\/p>\n          <\/div>\n          <div class=\"entry-meta-footer\">\n            <a href=\"https:\/\/matriceriadaype.com\/index.php\/2019\/01\/10\/the-most-successful-engineering-contractor\/\" class=\"read-more\">Read More <i class=\"fa fa-angle-right\" aria-hidden=\"true\"><\/i><\/a>\n                          <a href=\"https:\/\/matriceriadaype.com\/index.php\/2019\/01\/10\/the-most-successful-engineering-contractor\/#respond\"> <i class=\"fa fa-comments-o\" aria-hidden=\"true\"><\/i> Comments: 0<\/a>\n                      <\/div>\n        <\/div>\n      <\/div>\n      \n      <div class=\"col-12 col-md-6 col-lg-4\">\n        <div class=\"single-blog\">\n                        <div class=\"single-blog-thumb\">\n                <a href=\"https:\/\/matriceriadaype.com\/index.php\/2019\/01\/10\/puesta-en-marcha-una-formacion-sobre-matriceria\/\">\n                  <img loading=\"lazy\" decoding=\"async\" width=\"362\" height=\"262\" src=\"https:\/\/matriceriadaype.com\/wp-content\/uploads\/2019\/01\/moldes_matrices-362x262.jpg\" class=\"img-fluid wp-post-image\" alt=\"cnc matriceria\" \/>                  <span class=\"icon\"><i class=\"fa fa-link\"><\/i><\/span>\n                <\/a>\n              <\/div>\n                        <div class=\"content\">\n            <div class=\"entry-meta\">\n                              <div class=\"author\">\n                  By <a href=\"https:\/\/matriceriadaype.com\/index.php\/author\/matriceriadaype\/\">matriceriadaype<\/a>\n                <\/div>\n                              <div class=\"month\">\n                  <a href=\"https:\/\/matriceriadaype.com\/index.php\/2019\/01\/10\/puesta-en-marcha-una-formacion-sobre-matriceria\/\">10 enero, 2019<\/a>\n                <\/div>\n                          <\/div>\n            <a href=\"https:\/\/matriceriadaype.com\/index.php\/2019\/01\/10\/puesta-en-marcha-una-formacion-sobre-matriceria\/\" class=\"entry-title\">Puesta en marcha una formaci\u00f3n sobre matricer\u00eda<\/a>\n            <p class=\"entry-content\">El Instituto de Educaci\u00f3n Secundaria de Almussafes (Valencia) ha empezado recientemente una Formaci\u00f3n Dual encaminada a obtener la titulaci\u00f3n&hellip;<\/p>\n          <\/div>\n          <div class=\"entry-meta-footer\">\n            <a href=\"https:\/\/matriceriadaype.com\/index.php\/2019\/01\/10\/puesta-en-marcha-una-formacion-sobre-matriceria\/\" class=\"read-more\">Read More <i class=\"fa fa-angle-right\" aria-hidden=\"true\"><\/i><\/a>\n                          <a href=\"https:\/\/matriceriadaype.com\/index.php\/2019\/01\/10\/puesta-en-marcha-una-formacion-sobre-matriceria\/#comments\"> <i class=\"fa fa-comments-o\" aria-hidden=\"true\"><\/i> Comments: 1<\/a>\n                      <\/div>\n        <\/div>\n      <\/div>\n      \n      <div class=\"col-12 col-md-6 col-lg-4\">\n        <div class=\"single-blog\">\n                        <div class=\"single-blog-thumb\">\n                <a href=\"https:\/\/matriceriadaype.com\/index.php\/2019\/01\/10\/design-quality-and-industry-materials-of-innovation\/\">\n                  <img loading=\"lazy\" decoding=\"async\" width=\"362\" height=\"262\" src=\"https:\/\/matriceriadaype.com\/wp-content\/uploads\/2018\/12\/11-1-2-362x262.jpg\" class=\"img-fluid wp-post-image\" alt=\"\" \/>                  <span class=\"icon\"><i class=\"fa fa-link\"><\/i><\/span>\n                <\/a>\n              <\/div>\n                        <div class=\"content\">\n            <div class=\"entry-meta\">\n                              <div class=\"author\">\n                  By <a href=\"https:\/\/matriceriadaype.com\/index.php\/author\/matriceriadaype\/\">matriceriadaype<\/a>\n                <\/div>\n                              <div class=\"month\">\n                  <a href=\"https:\/\/matriceriadaype.com\/index.php\/2019\/01\/10\/design-quality-and-industry-materials-of-innovation\/\">10 enero, 2019<\/a>\n                <\/div>\n                          <\/div>\n            <a href=\"https:\/\/matriceriadaype.com\/index.php\/2019\/01\/10\/design-quality-and-industry-materials-of-innovation\/\" class=\"entry-title\">M\u00e1quinas para fabricaci\u00f3n de moldes y matrices<\/a>\n            <p class=\"entry-content\">El potencial del sector metalmec\u00e1nico es inmenso, aunque muchas veces es un \u00e1mbito desconocido. Sin embargo, es un sector&hellip;<\/p>\n          <\/div>\n          <div class=\"entry-meta-footer\">\n            <a href=\"https:\/\/matriceriadaype.com\/index.php\/2019\/01\/10\/design-quality-and-industry-materials-of-innovation\/\" class=\"read-more\">Read More <i class=\"fa fa-angle-right\" aria-hidden=\"true\"><\/i><\/a>\n                          <a href=\"https:\/\/matriceriadaype.com\/index.php\/2019\/01\/10\/design-quality-and-industry-materials-of-innovation\/#respond\"> <i class=\"fa fa-comments-o\" aria-hidden=\"true\"><\/i> Comments: 0<\/a>\n                      <\/div>\n        <\/div>\n      <\/div>\n      \n      <div class=\"col-12 col-md-6 col-lg-4\">\n        <div class=\"single-blog\">\n                        <div class=\"single-blog-thumb\">\n                <a href=\"https:\/\/matriceriadaype.com\/index.php\/2019\/01\/10\/abortion-contraception-and-reproductive-rights\/\">\n                  <img loading=\"lazy\" decoding=\"async\" width=\"362\" height=\"258\" src=\"https:\/\/matriceriadaype.com\/wp-content\/uploads\/2019\/01\/equiplast-362x258.png\" class=\"img-fluid wp-post-image\" alt=\"\" srcset=\"https:\/\/matriceriadaype.com\/wp-content\/uploads\/2019\/01\/equiplast-362x258.png 362w, https:\/\/matriceriadaype.com\/wp-content\/uploads\/2019\/01\/equiplast-363x258.png 363w\" sizes=\"auto, (max-width: 362px) 100vw, 362px\" \/>                  <span class=\"icon\"><i class=\"fa fa-link\"><\/i><\/span>\n                <\/a>\n              <\/div>\n                        <div class=\"content\">\n            <div class=\"entry-meta\">\n                              <div class=\"author\">\n                  By <a href=\"https:\/\/matriceriadaype.com\/index.php\/author\/matriceriadaype\/\">matriceriadaype<\/a>\n                <\/div>\n                              <div class=\"month\">\n                  <a href=\"https:\/\/matriceriadaype.com\/index.php\/2019\/01\/10\/abortion-contraception-and-reproductive-rights\/\">10 enero, 2019<\/a>\n                <\/div>\n                          <\/div>\n            <a href=\"https:\/\/matriceriadaype.com\/index.php\/2019\/01\/10\/abortion-contraception-and-reproductive-rights\/\" class=\"entry-title\">Convocados los Premios Equiplast 2020<\/a>\n            <p class=\"entry-content\">Con el objetivo de promocionar y difundir las nuevas investigaciones relacionadas con Premios de Dise\u00f1o, as\u00ed como Ecolog\u00eda y&hellip;<\/p>\n          <\/div>\n          <div class=\"entry-meta-footer\">\n            <a href=\"https:\/\/matriceriadaype.com\/index.php\/2019\/01\/10\/abortion-contraception-and-reproductive-rights\/\" class=\"read-more\">Read More <i class=\"fa fa-angle-right\" aria-hidden=\"true\"><\/i><\/a>\n                          <a href=\"https:\/\/matriceriadaype.com\/index.php\/2019\/01\/10\/abortion-contraception-and-reproductive-rights\/#respond\"> <i class=\"fa fa-comments-o\" aria-hidden=\"true\"><\/i> Comments: 0<\/a>\n                      <\/div>\n        <\/div>\n      <\/div>\n      \n      <div class=\"col-12 col-md-6 col-lg-4\">\n        <div class=\"single-blog\">\n                        <div class=\"single-blog-thumb\">\n                <a href=\"https:\/\/matriceriadaype.com\/index.php\/2019\/01\/10\/metalmadrid-2020\/\">\n                  <img loading=\"lazy\" decoding=\"async\" width=\"362\" height=\"188\" src=\"https:\/\/matriceriadaype.com\/wp-content\/uploads\/2019\/01\/MetalMadrid-1-362x188.jpg\" class=\"img-fluid wp-post-image\" alt=\"\" srcset=\"https:\/\/matriceriadaype.com\/wp-content\/uploads\/2019\/01\/MetalMadrid-1-362x188.jpg 362w, https:\/\/matriceriadaype.com\/wp-content\/uploads\/2019\/01\/MetalMadrid-1-363x188.jpg 363w\" sizes=\"auto, (max-width: 362px) 100vw, 362px\" \/>                  <span class=\"icon\"><i class=\"fa fa-link\"><\/i><\/span>\n                <\/a>\n              <\/div>\n                        <div class=\"content\">\n            <div class=\"entry-meta\">\n                              <div class=\"author\">\n                  By <a href=\"https:\/\/matriceriadaype.com\/index.php\/author\/matriceriadaype\/\">matriceriadaype<\/a>\n                <\/div>\n                              <div class=\"month\">\n                  <a href=\"https:\/\/matriceriadaype.com\/index.php\/2019\/01\/10\/metalmadrid-2020\/\">10 enero, 2019<\/a>\n                <\/div>\n                          <\/div>\n            <a href=\"https:\/\/matriceriadaype.com\/index.php\/2019\/01\/10\/metalmadrid-2020\/\" class=\"entry-title\">MetalMadrid 2020 en IFEMA<\/a>\n            <p class=\"entry-content\">Tras el confinamiento derivado del coronavirus, parece que la \"nueva normalidad\" va a dar un respiro a la sociedad&hellip;<\/p>\n          <\/div>\n          <div class=\"entry-meta-footer\">\n            <a href=\"https:\/\/matriceriadaype.com\/index.php\/2019\/01\/10\/metalmadrid-2020\/\" class=\"read-more\">Read More <i class=\"fa fa-angle-right\" aria-hidden=\"true\"><\/i><\/a>\n                          <a href=\"https:\/\/matriceriadaype.com\/index.php\/2019\/01\/10\/metalmadrid-2020\/#respond\"> <i class=\"fa fa-comments-o\" aria-hidden=\"true\"><\/i> Comments: 0<\/a>\n                      <\/div>\n        <\/div>\n      <\/div>\n      \n      <div class=\"col-12 col-md-6 col-lg-4\">\n        <div class=\"single-blog\">\n                        <div class=\"single-blog-thumb\">\n                <a href=\"https:\/\/matriceriadaype.com\/index.php\/2019\/01\/10\/prevencion-de-riesgos-laborales-en-el-metal\/\">\n                  <img loading=\"lazy\" decoding=\"async\" width=\"362\" height=\"262\" src=\"https:\/\/matriceriadaype.com\/wp-content\/uploads\/2019\/11\/slaide3-1151323_1920-362x262.jpg\" class=\"img-fluid wp-post-image\" alt=\"\" \/>                  <span class=\"icon\"><i class=\"fa fa-link\"><\/i><\/span>\n                <\/a>\n              <\/div>\n                        <div class=\"content\">\n            <div class=\"entry-meta\">\n                              <div class=\"author\">\n                  By <a href=\"https:\/\/matriceriadaype.com\/index.php\/author\/matriceriadaype\/\">matriceriadaype<\/a>\n                <\/div>\n                              <div class=\"month\">\n                  <a href=\"https:\/\/matriceriadaype.com\/index.php\/2019\/01\/10\/prevencion-de-riesgos-laborales-en-el-metal\/\">10 enero, 2019<\/a>\n                <\/div>\n                          <\/div>\n            <a href=\"https:\/\/matriceriadaype.com\/index.php\/2019\/01\/10\/prevencion-de-riesgos-laborales-en-el-metal\/\" class=\"entry-title\">Prevenci\u00f3n de Riesgos Laborales en el Metal<\/a>\n            <p class=\"entry-content\">La Prevenci\u00f3n de Riesgos Laborales es indispensable en cualquier sector de la sociedad. En esta ocasi\u00f3n, seg\u00fan el convenio&hellip;<\/p>\n          <\/div>\n          <div class=\"entry-meta-footer\">\n            <a href=\"https:\/\/matriceriadaype.com\/index.php\/2019\/01\/10\/prevencion-de-riesgos-laborales-en-el-metal\/\" class=\"read-more\">Read More <i class=\"fa fa-angle-right\" aria-hidden=\"true\"><\/i><\/a>\n                          <a href=\"https:\/\/matriceriadaype.com\/index.php\/2019\/01\/10\/prevencion-de-riesgos-laborales-en-el-metal\/#respond\"> <i class=\"fa fa-comments-o\" aria-hidden=\"true\"><\/i> Comments: 0<\/a>\n                      <\/div>\n        <\/div>\n      <\/div>\n      \n      <div class=\"col-12 col-md-6 col-lg-4\">\n        <div class=\"single-blog\">\n                        <div class=\"single-blog-thumb\">\n                <a href=\"https:\/\/matriceriadaype.com\/index.php\/2019\/01\/10\/knowledge-becomes-a-valued-form-of-capital\/\">\n                  <img loading=\"lazy\" decoding=\"async\" width=\"362\" height=\"262\" src=\"https:\/\/matriceriadaype.com\/wp-content\/uploads\/2018\/12\/project10-1-2-362x262.jpg\" class=\"img-fluid wp-post-image\" alt=\"\" \/>                  <span class=\"icon\"><i class=\"fa fa-link\"><\/i><\/span>\n                <\/a>\n              <\/div>\n                        <div class=\"content\">\n            <div class=\"entry-meta\">\n                              <div class=\"author\">\n                  By <a href=\"https:\/\/matriceriadaype.com\/index.php\/author\/matriceriadaype\/\">matriceriadaype<\/a>\n                <\/div>\n                              <div class=\"month\">\n                  <a href=\"https:\/\/matriceriadaype.com\/index.php\/2019\/01\/10\/knowledge-becomes-a-valued-form-of-capital\/\">10 enero, 2019<\/a>\n                <\/div>\n                          <\/div>\n            <a href=\"https:\/\/matriceriadaype.com\/index.php\/2019\/01\/10\/knowledge-becomes-a-valued-form-of-capital\/\" class=\"entry-title\">Knowledge becomes a valued form of capital<\/a>\n            <p class=\"entry-content\">Lorem ipsum dolor sit amet, consectetur is the adipisicing elit, sed do eiusmod tempor theres incididunt ut labore et.&hellip;<\/p>\n          <\/div>\n          <div class=\"entry-meta-footer\">\n            <a href=\"https:\/\/matriceriadaype.com\/index.php\/2019\/01\/10\/knowledge-becomes-a-valued-form-of-capital\/\" class=\"read-more\">Read More <i class=\"fa fa-angle-right\" aria-hidden=\"true\"><\/i><\/a>\n                          <a href=\"https:\/\/matriceriadaype.com\/index.php\/2019\/01\/10\/knowledge-becomes-a-valued-form-of-capital\/#respond\"> <i class=\"fa fa-comments-o\" aria-hidden=\"true\"><\/i> Comments: 0<\/a>\n                      <\/div>\n        <\/div>\n      <\/div>\n          <\/div>\n\n  [vc_column_text][\/vc_column_text][\/vc_column][\/vc_row][vc_row][vc_column][vc_single_image image=\u00bb2519&#8243; img_size=\u00bb500&#215;500&#8243; onclick=\u00bbimg_link_large\u00bb][\/vc_column][\/vc_row]<\/p>\n","protected":false},"excerpt":{"rendered":"<p>[vc_row css=\u00bb.vc_custom_1545397126698{padding-top: 96px !important;padding-bottom: 70px !important;}\u00bb][vc_column][vc_column_text]\u00bbDAYPE 98 SL ha recibido una ayuda de 1.700\u20ac para la adquisici\u00f3n de un veh\u00edculo el\u00e9ctrico\u00a0de la Uni\u00f3n Europea con cargo al Fondo NextGenerationEU, en el marco del Plan de Recuperaci\u00f3n, Trasformaci\u00f3n y Resiliencia, para la adquisici\u00f3n de veh\u00edculos el\u00e9ctricos \u201cenchufables\u201d y de pila combustible dentro del Programa de incentivos [&hellip;]<\/p>\n","protected":false},"author":1,"featured_media":0,"parent":0,"menu_order":0,"comment_status":"closed","ping_status":"closed","template":"page-template\/blank-page-sidebar.php","meta":{"_monsterinsights_skip_tracking":false,"_monsterinsights_sitenote_active":false,"_monsterinsights_sitenote_note":"","_monsterinsights_sitenote_category":0,"footnotes":""},"class_list":["post-2065","page","type-page","status-publish","hentry"],"yoast_head":"<!-- This site is optimized with the Yoast SEO Premium plugin v16.5 (Yoast SEO v16.6.1) - https:\/\/yoast.com\/wordpress\/plugins\/seo\/ -->\n<title>Noticias - Matriceria Daype - Matriceria e Inyecci\u00f3n de Pl\u00e1sticos<\/title>\n<meta name=\"robots\" content=\"index, follow, max-snippet:-1, max-image-preview:large, max-video-preview:-1\" \/>\n<link rel=\"canonical\" href=\"https:\/\/matriceriadaype.com\/index.php\/noticias\/\" \/>\n<meta property=\"og:locale\" content=\"es_ES\" \/>\n<meta property=\"og:type\" content=\"article\" \/>\n<meta property=\"og:title\" content=\"Noticias\" \/>\n<meta property=\"og:description\" content=\"[vc_row css=\u00bb.vc_custom_1545397126698{padding-top: 96px !important;padding-bottom: 70px !important;}\u00bb][vc_column][vc_column_text]\u00bbDAYPE 98 SL ha recibido una ayuda de 1.700\u20ac para la adquisici\u00f3n de un veh\u00edculo el\u00e9ctrico\u00a0de la Uni\u00f3n Europea con cargo al Fondo NextGenerationEU, en el marco del Plan de Recuperaci\u00f3n, Trasformaci\u00f3n y Resiliencia, para la adquisici\u00f3n de veh\u00edculos el\u00e9ctricos \u201cenchufables\u201d y de pila combustible dentro del Programa de incentivos [&hellip;]\" \/>\n<meta property=\"og:url\" content=\"https:\/\/matriceriadaype.com\/index.php\/noticias\/\" \/>\n<meta property=\"og:site_name\" content=\"Matriceria Daype - Matriceria e Inyecci\u00f3n de Pl\u00e1sticos\" \/>\n<meta property=\"article:modified_time\" content=\"2025-07-22T13:45:09+00:00\" \/>\n<meta name=\"twitter:card\" content=\"summary_large_image\" \/>\n<meta name=\"twitter:label1\" content=\"Tiempo de lectura\" \/>\n\t<meta name=\"twitter:data1\" content=\"1 minuto\" \/>\n<script type=\"application\/ld+json\" class=\"yoast-schema-graph\">{\"@context\":\"https:\/\/schema.org\",\"@graph\":[{\"@type\":\"WebSite\",\"@id\":\"https:\/\/matriceriadaype.com\/#website\",\"url\":\"https:\/\/matriceriadaype.com\/\",\"name\":\"Matriceria Daype - Matriceria e Inyecci\\u00f3n de Pl\\u00e1sticos\",\"description\":\"En Daype 98 somos conscientes de lo importante que son para la sociedad sectores como la seguridad vial, la agricultura y la industria, por ello hemos querido responder a las demandas de cada uno de esos sectores con productos de m\\u00e1xima calidad con los que poder satisfacer a nuestros clientes.\",\"potentialAction\":[{\"@type\":\"SearchAction\",\"target\":{\"@type\":\"EntryPoint\",\"urlTemplate\":\"https:\/\/matriceriadaype.com\/?s={search_term_string}\"},\"query-input\":\"required name=search_term_string\"}],\"inLanguage\":\"es\"},{\"@type\":\"WebPage\",\"@id\":\"https:\/\/matriceriadaype.com\/index.php\/noticias\/#webpage\",\"url\":\"https:\/\/matriceriadaype.com\/index.php\/noticias\/\",\"name\":\"Noticias - Matriceria Daype - Matriceria e Inyecci\\u00f3n de Pl\\u00e1sticos\",\"isPartOf\":{\"@id\":\"https:\/\/matriceriadaype.com\/#website\"},\"datePublished\":\"2018-11-13T10:56:20+00:00\",\"dateModified\":\"2025-07-22T13:45:09+00:00\",\"breadcrumb\":{\"@id\":\"https:\/\/matriceriadaype.com\/index.php\/noticias\/#breadcrumb\"},\"inLanguage\":\"es\",\"potentialAction\":[{\"@type\":\"ReadAction\",\"target\":[\"https:\/\/matriceriadaype.com\/index.php\/noticias\/\"]}]},{\"@type\":\"BreadcrumbList\",\"@id\":\"https:\/\/matriceriadaype.com\/index.php\/noticias\/#breadcrumb\",\"itemListElement\":[{\"@type\":\"ListItem\",\"position\":1,\"name\":\"Portada\",\"item\":\"https:\/\/matriceriadaype.com\/\"},{\"@type\":\"ListItem\",\"position\":2,\"name\":\"Noticias\"}]}]}<\/script>\n<!-- \/ Yoast SEO Premium plugin. -->","_links":{"self":[{"href":"https:\/\/matriceriadaype.com\/index.php\/wp-json\/wp\/v2\/pages\/2065","targetHints":{"allow":["GET"]}}],"collection":[{"href":"https:\/\/matriceriadaype.com\/index.php\/wp-json\/wp\/v2\/pages"}],"about":[{"href":"https:\/\/matriceriadaype.com\/index.php\/wp-json\/wp\/v2\/types\/page"}],"author":[{"embeddable":true,"href":"https:\/\/matriceriadaype.com\/index.php\/wp-json\/wp\/v2\/users\/1"}],"replies":[{"embeddable":true,"href":"https:\/\/matriceriadaype.com\/index.php\/wp-json\/wp\/v2\/comments?post=2065"}],"version-history":[{"count":14,"href":"https:\/\/matriceriadaype.com\/index.php\/wp-json\/wp\/v2\/pages\/2065\/revisions"}],"predecessor-version":[{"id":2550,"href":"https:\/\/matriceriadaype.com\/index.php\/wp-json\/wp\/v2\/pages\/2065\/revisions\/2550"}],"wp:attachment":[{"href":"https:\/\/matriceriadaype.com\/index.php\/wp-json\/wp\/v2\/media?parent=2065"}],"curies":[{"name":"wp","href":"https:\/\/api.w.org\/{rel}","templated":true}]}}