{"id":334,"date":"2018-11-18T09:56:26","date_gmt":"2018-11-18T09:56:26","guid":{"rendered":"http:\/\/pluginspoint.com\/dustrial\/?page_id=334"},"modified":"2025-07-18T12:57:19","modified_gmt":"2025-07-18T10:57:19","slug":"about-us","status":"publish","type":"page","link":"https:\/\/matriceriadaype.com\/index.php\/about-us\/","title":{"rendered":"Nosotros"},"content":{"rendered":"<p>[vc_row css=\u00bb.vc_custom_1545996764528{padding-top: 60px !important;padding-bottom: 79px !important;}\u00bb][vc_column width=\u00bb1\/2&#8243; css=\u00bb.vc_custom_1545815615488{padding-top: 40px !important;}\u00bb][vc_tta_accordion][vc_tta_section title=\u00bbNuestra misi\u00f3n\u00bb tab_id=\u00bb1545815887786-0c10bad3-b8fb\u00bb][vc_column_text]Es ser una empresa reconocida por su compromiso, responsabilidad y capacidad para ofrecer soluciones efectivas a los desaf\u00edos t\u00e9cnicos de nuestros clientes. Aspiramos a construir relaciones duraderas basadas en la confianza, respondiendo con agilidad, precisi\u00f3n y calidad a cada necesidad, contribuyendo al crecimiento y eficiencia de la industria.[\/vc_column_text][\/vc_tta_section][vc_tta_section title=\u00bbNuestra visi\u00f3n\u00bb tab_id=\u00bb1545815887826-875bdcbf-c4ed\u00bb][vc_column_text]<strong data-start=\"1016\" data-end=\"1034\">Nuestra visi\u00f3n<\/strong> es crecer de forma sostenible como una empresa confiable y reconocida en el sector de la matricer\u00eda, ampliando nuestra capacidad t\u00e9cnica y productiva para ofrecer soluciones cada vez m\u00e1s completas, precisas y adaptadas a los desaf\u00edos del mercado.[\/vc_column_text][\/vc_tta_section][vc_tta_section title=\u00bbNuestra empresa\u00bb tab_id=\u00bb1545815963671-a2dd8a52-831d\u00bb][vc_column_text]En Daype 98 somos plenamente conscientes de lo que implica ser una empresa responsable y comprometida. Esto se refleja en nuestro cuidado por la calidad de cada molde, en la atenci\u00f3n personalizada al cliente y en nuestra capacidad para dar respuestas t\u00e9cnicas precisas ante cualquier desaf\u00edo.[\/vc_column_text][\/vc_tta_section][\/vc_tta_accordion][\/vc_column][vc_column css_animation=\u00bbfadeInUp\u00bb width=\u00bb1\/2&#8243; el_class=\u00bbabout-faq\u00bb css=\u00bb.vc_custom_1545996747838{padding-top: 40px !important;padding-bottom: 15px !important;}\u00bb][vc_row_inner][vc_column_inner width=\u00bb1\/2&#8243;][vc_single_image image=\u00bb2541&#8243; img_size=\u00bbfull\u00bb alignment=\u00bbcenter\u00bb css_animation=\u00bbfadeIn\u00bb css=\u00bb.vc_custom_1752832490522{margin-bottom: 25px !important;}\u00bb][\/vc_column_inner][vc_column_inner width=\u00bb1\/2&#8243;][vc_single_image image=\u00bb2540&#8243; img_size=\u00bbfull\u00bb alignment=\u00bbcenter\u00bb css_animation=\u00bbfadeIn\u00bb css=\u00bb.vc_custom_1752832470495{margin-bottom: 25px !important;}\u00bb][vc_column_text el_id=\u00bbFamiliar y exigente\u00bb][\/vc_column_text][\/vc_column_inner][\/vc_row_inner][vc_column_text css_animation=\u00bbfadeInUp\u00bb css=\u00bb.vc_custom_1752835402465{margin-bottom: 0px !important;}\u00bb]<\/p>\n<h3 class=\"about-right-title\">Nuestra empresa ha alcanzado un puesto firme en el campo de la matricer\u00eda e inyecci\u00f3n pl\u00e1stica.<\/h3>\n<p style=\"text-align: left;\">Disponemos de un parque de m\u00e1quinas de inyecci\u00f3n con capacidades de cierre entre 80 y 200 toneladas, lo que nos brinda gran flexibilidad para producir piezas pl\u00e1sticas en distintos formatos y aplicaciones, manteniendo siempre altos est\u00e1ndares de calidad.<\/p>\n<p>Somos una empresa familiar que combina la calidez del trato cercano con la exigencia por la excelencia en cada uno de nuestros procesos. Nos involucramos directamente con cada cliente, ofreciendo soluciones personalizadas, eficientes y de alta calidad, construyendo relaciones de confianza a largo plazo.[\/vc_column_text][\/vc_column][\/vc_row]<\/p>\n","protected":false},"excerpt":{"rendered":"<p>[vc_row css=\u00bb.vc_custom_1545996764528{padding-top: 60px !important;padding-bottom: 79px !important;}\u00bb][vc_column width=\u00bb1\/2&#8243; css=\u00bb.vc_custom_1545815615488{padding-top: 40px !important;}\u00bb][vc_tta_accordion][vc_tta_section title=\u00bbNuestra misi\u00f3n\u00bb tab_id=\u00bb1545815887786-0c10bad3-b8fb\u00bb][vc_column_text]Es ser una empresa reconocida por su compromiso, responsabilidad y capacidad para ofrecer soluciones efectivas a los desaf\u00edos t\u00e9cnicos de nuestros clientes. Aspiramos a construir relaciones duraderas basadas en la confianza, respondiendo con agilidad, precisi\u00f3n y calidad a cada necesidad, contribuyendo al crecimiento [&hellip;]<\/p>\n","protected":false},"author":1,"featured_media":0,"parent":0,"menu_order":0,"comment_status":"closed","ping_status":"closed","template":"page-template\/blank-page-sidebar.php","meta":{"_monsterinsights_skip_tracking":false,"_monsterinsights_sitenote_active":false,"_monsterinsights_sitenote_note":"","_monsterinsights_sitenote_category":0,"footnotes":""},"class_list":["post-334","page","type-page","status-publish","hentry"],"yoast_head":"<!-- This site is optimized with the Yoast SEO Premium plugin v16.5 (Yoast SEO v16.6.1) - https:\/\/yoast.com\/wordpress\/plugins\/seo\/ -->\n<title>Nosotros - Matriceria Daype - Matriceria e Inyecci\u00f3n de Pl\u00e1sticos<\/title>\n<meta name=\"robots\" content=\"index, follow, max-snippet:-1, max-image-preview:large, max-video-preview:-1\" \/>\n<link rel=\"canonical\" href=\"https:\/\/matriceriadaype.com\/index.php\/about-us\/\" \/>\n<meta property=\"og:locale\" content=\"es_ES\" \/>\n<meta property=\"og:type\" content=\"article\" \/>\n<meta property=\"og:title\" content=\"Nosotros\" \/>\n<meta property=\"og:description\" content=\"[vc_row css=\u00bb.vc_custom_1545996764528{padding-top: 60px !important;padding-bottom: 79px !important;}\u00bb][vc_column width=\u00bb1\/2&#8243; css=\u00bb.vc_custom_1545815615488{padding-top: 40px !important;}\u00bb][vc_tta_accordion][vc_tta_section title=\u00bbNuestra misi\u00f3n\u00bb tab_id=\u00bb1545815887786-0c10bad3-b8fb\u00bb][vc_column_text]Es ser una empresa reconocida por su compromiso, responsabilidad y capacidad para ofrecer soluciones efectivas a los desaf\u00edos t\u00e9cnicos de nuestros clientes. Aspiramos a construir relaciones duraderas basadas en la confianza, respondiendo con agilidad, precisi\u00f3n y calidad a cada necesidad, contribuyendo al crecimiento [&hellip;]\" \/>\n<meta property=\"og:url\" content=\"https:\/\/matriceriadaype.com\/index.php\/about-us\/\" \/>\n<meta property=\"og:site_name\" content=\"Matriceria Daype - Matriceria e Inyecci\u00f3n de Pl\u00e1sticos\" \/>\n<meta property=\"article:modified_time\" content=\"2025-07-18T10:57:19+00:00\" \/>\n<meta name=\"twitter:card\" content=\"summary_large_image\" \/>\n<meta name=\"twitter:label1\" content=\"Tiempo de lectura\" \/>\n\t<meta name=\"twitter:data1\" content=\"2 minutos\" \/>\n<script type=\"application\/ld+json\" class=\"yoast-schema-graph\">{\"@context\":\"https:\/\/schema.org\",\"@graph\":[{\"@type\":\"WebSite\",\"@id\":\"https:\/\/matriceriadaype.com\/#website\",\"url\":\"https:\/\/matriceriadaype.com\/\",\"name\":\"Matriceria Daype - Matriceria e Inyecci\\u00f3n de Pl\\u00e1sticos\",\"description\":\"En Daype 98 somos conscientes de lo importante que son para la sociedad sectores como la seguridad vial, la agricultura y la industria, por ello hemos querido responder a las demandas de cada uno de esos sectores con productos de m\\u00e1xima calidad con los que poder satisfacer a nuestros clientes.\",\"potentialAction\":[{\"@type\":\"SearchAction\",\"target\":{\"@type\":\"EntryPoint\",\"urlTemplate\":\"https:\/\/matriceriadaype.com\/?s={search_term_string}\"},\"query-input\":\"required name=search_term_string\"}],\"inLanguage\":\"es\"},{\"@type\":\"WebPage\",\"@id\":\"https:\/\/matriceriadaype.com\/index.php\/about-us\/#webpage\",\"url\":\"https:\/\/matriceriadaype.com\/index.php\/about-us\/\",\"name\":\"Nosotros - Matriceria Daype - Matriceria e Inyecci\\u00f3n de Pl\\u00e1sticos\",\"isPartOf\":{\"@id\":\"https:\/\/matriceriadaype.com\/#website\"},\"datePublished\":\"2018-11-18T09:56:26+00:00\",\"dateModified\":\"2025-07-18T10:57:19+00:00\",\"breadcrumb\":{\"@id\":\"https:\/\/matriceriadaype.com\/index.php\/about-us\/#breadcrumb\"},\"inLanguage\":\"es\",\"potentialAction\":[{\"@type\":\"ReadAction\",\"target\":[\"https:\/\/matriceriadaype.com\/index.php\/about-us\/\"]}]},{\"@type\":\"BreadcrumbList\",\"@id\":\"https:\/\/matriceriadaype.com\/index.php\/about-us\/#breadcrumb\",\"itemListElement\":[{\"@type\":\"ListItem\",\"position\":1,\"name\":\"Portada\",\"item\":\"https:\/\/matriceriadaype.com\/\"},{\"@type\":\"ListItem\",\"position\":2,\"name\":\"Nosotros\"}]}]}<\/script>\n<!-- \/ Yoast SEO Premium plugin. -->","_links":{"self":[{"href":"https:\/\/matriceriadaype.com\/index.php\/wp-json\/wp\/v2\/pages\/334","targetHints":{"allow":["GET"]}}],"collection":[{"href":"https:\/\/matriceriadaype.com\/index.php\/wp-json\/wp\/v2\/pages"}],"about":[{"href":"https:\/\/matriceriadaype.com\/index.php\/wp-json\/wp\/v2\/types\/page"}],"author":[{"embeddable":true,"href":"https:\/\/matriceriadaype.com\/index.php\/wp-json\/wp\/v2\/users\/1"}],"replies":[{"embeddable":true,"href":"https:\/\/matriceriadaype.com\/index.php\/wp-json\/wp\/v2\/comments?post=334"}],"version-history":[{"count":11,"href":"https:\/\/matriceriadaype.com\/index.php\/wp-json\/wp\/v2\/pages\/334\/revisions"}],"predecessor-version":[{"id":2548,"href":"https:\/\/matriceriadaype.com\/index.php\/wp-json\/wp\/v2\/pages\/334\/revisions\/2548"}],"wp:attachment":[{"href":"https:\/\/matriceriadaype.com\/index.php\/wp-json\/wp\/v2\/media?parent=334"}],"curies":[{"name":"wp","href":"https:\/\/api.w.org\/{rel}","templated":true}]}}